{"id":5,"date":"2019-08-25T16:15:05","date_gmt":"2019-08-25T16:15:05","guid":{"rendered":"http:\/\/falconrider.net\/?page_id=5"},"modified":"2019-10-02T09:26:32","modified_gmt":"2019-10-02T09:26:32","slug":"baubeginn-am-naturparcours-der-falconrider","status":"publish","type":"page","link":"http:\/\/falconrider.net\/?page_id=5","title":{"rendered":"NaturParcours der falconrider"},"content":{"rendered":"\n<p>Hallo Freunde,<br> endlich konnten die Arbeiten am Bogen- und Falkner- Parcours beginnen.<\/p>\n\n\n\n<p>Da der Boden f\u00fcr unseren Zaun eine kleine  Herausforderung bereithielt, mussten wir zu etwas schwererem Ger\u00e4t  greifen. Zum Gl\u00fcck kann unser Fotograf mit seinen H\u00e4nden auch noch die  ein oder andere Baumaschine bedienen. Zum Erstellen der Pirschwege wird unser &#8222;Grash\u00fcpfer&#8220; eingesetzt. <\/p>\n\n\n\n<figure class=\"wp-block-image is-resized\"><a href=\"http:\/\/falconrider.net\/wp-content\/uploads\/2019\/08\/falconriderlosgehts.jpg\"><img loading=\"lazy\" src=\"http:\/\/falconrider.net\/wp-content\/uploads\/2019\/08\/falconriderlosgehts-1024x768.jpg\" alt=\"\" class=\"wp-image-8\" width=\"170\" height=\"119\"\/><\/a><\/figure>\n\n\n\n<figure class=\"wp-block-image is-resized\"><a href=\"http:\/\/falconrider.net\/wp-content\/uploads\/2019\/08\/Baggerandenstart.jpg\" target=\"_blank\" rel=\"noreferrer noopener\"><img loading=\"lazy\" src=\"http:\/\/falconrider.net\/wp-content\/uploads\/2019\/08\/Baggerandenstart-1024x768.jpg\" alt=\"\" class=\"wp-image-10\" width=\"170\" height=\"125\"\/><\/a><\/figure>\n\n\n\n<figure class=\"wp-block-image is-resized\"><a href=\"http:\/\/falconrider.net\/wp-content\/uploads\/2019\/08\/fotomannderbaggernkann.mp4\"><img loading=\"lazy\" src=\"http:\/\/falconrider.net\/wp-content\/uploads\/2019\/08\/Video-1024x575.png\" alt=\"\" class=\"wp-image-13\" width=\"170\" height=\"95\" srcset=\"http:\/\/falconrider.net\/wp-content\/uploads\/2019\/08\/Video-1024x575.png 1024w, http:\/\/falconrider.net\/wp-content\/uploads\/2019\/08\/Video-300x169.png 300w, http:\/\/falconrider.net\/wp-content\/uploads\/2019\/08\/Video-768x431.png 768w, http:\/\/falconrider.net\/wp-content\/uploads\/2019\/08\/Video.png 1367w\" sizes=\"(max-width: 170px) 100vw, 170px\" \/><\/a><figcaption>Video erster Hammerschlag<\/figcaption><\/figure>\n\n\n\n<figure class=\"wp-block-image is-resized\"><a href=\"http:\/\/falconrider.net\/wp-content\/uploads\/2019\/08\/traktormulcher.png\"><img loading=\"lazy\" src=\"http:\/\/falconrider.net\/wp-content\/uploads\/2019\/08\/traktormulcher-1024x768.png\" alt=\"\" class=\"wp-image-16\" width=\"170\" height=\"128\" srcset=\"http:\/\/falconrider.net\/wp-content\/uploads\/2019\/08\/traktormulcher-1024x768.png 1024w, http:\/\/falconrider.net\/wp-content\/uploads\/2019\/08\/traktormulcher-300x225.png 300w, http:\/\/falconrider.net\/wp-content\/uploads\/2019\/08\/traktormulcher-768x576.png 768w, http:\/\/falconrider.net\/wp-content\/uploads\/2019\/08\/traktormulcher.png 1366w\" sizes=\"(max-width: 170px) 100vw, 170px\" \/><\/a><\/figure>\n\n\n\n<h2><\/h2>\n\n\n\n<p><\/p>\n","protected":false},"excerpt":{"rendered":"<p>Hallo Freunde, endlich konnten die Arbeiten am Bogen- und Falkner- Parcours beginnen. Da der Boden f\u00fcr unseren Zaun eine kleine Herausforderung bereithielt, mussten wir zu etwas schwererem Ger\u00e4t greifen. Zum Gl\u00fcck kann unser Fotograf mit seinen H\u00e4nden auch noch die ein oder andere Baumaschine bedienen. Zum Erstellen der Pirschwege wird unser &#8222;Grash\u00fcpfer&#8220; eingesetzt.<\/p>\n","protected":false},"author":1,"featured_media":0,"parent":0,"menu_order":0,"comment_status":"closed","ping_status":"closed","template":"","meta":[],"_links":{"self":[{"href":"http:\/\/falconrider.net\/index.php?rest_route=\/wp\/v2\/pages\/5"}],"collection":[{"href":"http:\/\/falconrider.net\/index.php?rest_route=\/wp\/v2\/pages"}],"about":[{"href":"http:\/\/falconrider.net\/index.php?rest_route=\/wp\/v2\/types\/page"}],"author":[{"embeddable":true,"href":"http:\/\/falconrider.net\/index.php?rest_route=\/wp\/v2\/users\/1"}],"replies":[{"embeddable":true,"href":"http:\/\/falconrider.net\/index.php?rest_route=%2Fwp%2Fv2%2Fcomments&post=5"}],"version-history":[{"count":11,"href":"http:\/\/falconrider.net\/index.php?rest_route=\/wp\/v2\/pages\/5\/revisions"}],"predecessor-version":[{"id":83,"href":"http:\/\/falconrider.net\/index.php?rest_route=\/wp\/v2\/pages\/5\/revisions\/83"}],"wp:attachment":[{"href":"http:\/\/falconrider.net\/index.php?rest_route=%2Fwp%2Fv2%2Fmedia&parent=5"}],"curies":[{"name":"wp","href":"https:\/\/api.w.org\/{rel}","templated":true}]}}